{"id":418,"date":"2024-04-03T21:47:23","date_gmt":"2024-04-04T01:47:23","guid":{"rendered":"https:\/\/resologi.com\/?page_id=418"},"modified":"2025-12-09T03:33:50","modified_gmt":"2025-12-09T08:33:50","slug":"expertise","status":"publish","type":"page","link":"https:\/\/resologi.com\/en\/expertise\/","title":{"rendered":"Resologi expertise, FORGED TO CHALLENGE DATA"},"content":{"rendered":"\n<h2 class=\"wp-block-heading\">At the crossroads of technology and integration<\/h2>\n\n\n\n<p>Like our DAINSY platform, Resologi is truly unique. We combine specialized engineering expertise with a strong team culture, built on innovation, reliability and a drive to simplify complexity.<\/p>\n\n\n\n<h2 class=\"wp-block-heading\">From complexity to clarity<\/h2>\n\n\n\n<p>At our level, multidisciplinary expertise is key. It&#8217;s what enables us to simplify the unthinkable \u2014 project after project, across every field of operation. Our technical mastery goes beyond system design and industrial connectivity, ensuring that data moves reliably across every layer of your infrastructure.<\/p>\n\n\n\n<div style=\"height:100px\" aria-hidden=\"true\" class=\"wp-block-spacer\"><\/div>\n\n\n\n<style>\nbody:not(.home) .page-header .row .content {\n    max-width: 900px;\n    padding-right: 50px;\n}\n.h1, h2, h3, p, span, button, a, .content {\n  transition: none !important;\n  transform: none !important;\n  opacity: 1 !important;\n}\n.expertise-section.full-width {\n  background-color: #000;\n  width: 100vw;\n  margin-left: calc(-50vw + 50%);\n  padding: 50px 20px;\n  position: relative;\n  padding: 150px 20px;\n}\n\n.expertise-section:after {\n  content: \"\";\n  height: 80px;\n  left: 48vw;\n  right: 0;\n  pointer-events: none;\n  position: absolute;\n  top: -2px;\n  transform: scaleY(-1);\n  width: 100%;\n  z-index: 0;\n  background: url(\/app\/themes\/resologi\/public\/images\/trait-blanc-hero.e1efee.svg);\n  background-position: 0;\n  background-repeat: no-repeat;\n  background-size: auto;\n}\n\n.expertise-inner {\n  max-width: 1200px;\n  margin: 0 auto;\n  color: #00b274;\n}\n\n.expertise-section .wrapper {\n  margin: 0 auto;\n  position: relative;\n  z-index: 2;\n}\n\n.expertise-section .expertise-grid {\n  max-width: 1320px;\n  margin: 0 auto;\n  display: grid;\n  grid-template-columns: repeat(auto-fit, minmax(360px, 1fr));\n  gap: 30px;\n}\n\n.expertise-item {\n  border: 2px solid #00b274;\n  display: flex;\n  flex-direction: column;\n  transition: transform 0.3s;\n}\n\n.expertise-item-content {\n  padding: 20px;\n}\n\n.expertise-item img {\n  width: 100%;\n  height: auto;\n  margin-bottom: 15px;\n}\n\n.expertise-item h3 {\n  color: #00b274;\n}\n\n.expertise-item p {\n  color: #fff;\n}\n\n.expertise-item:hover {\n  transform: translateY(-5px);\n}\n@media (max-width: 768px) {\n    .expertise-section .expertise-grid {\n        max-width: unset;\n    }\n    .expertise-section .expertise-grid {\n        grid-template-columns: unset;\n    }\n}\n<\/style>\n\n<section class=\"expertise-section full-width\">\n  <div class=\"wrapper row\">\n    <h2>Cutting-edge technological skills<\/h2>\n    <div class=\"expertise-grid\">\n    <a href=\"\/en\/expertise\/system-integration\/\" class=\"expertise-item\">\n      <img decoding=\"async\" src=\"\/app\/uploads\/2025\/11\/Resologi-System-integration.webp\" alt=\"Int\u00e9gration de syst\u00e8mes\">\n      <div class=\"expertise-item-content\">\n        <h3>System integration<\/h3>\n        <p>Seamless system integration for critical infrastructure<\/p>\n      <\/div>\n    <\/a>\n    <a href=\"\/en\/expertise\/high-availability-solutions\/\" class=\"expertise-item\">\n      <img decoding=\"async\" src=\"\/app\/uploads\/2025\/11\/Resologi-High-availability-solutions.webp\" alt=\"Solutions \u00e0 haute disponibilit\u00e9\">\n      <div class=\"expertise-item-content\">\n        <h3>High-availability solutions<\/h3>\n        <p>Reliability that critical systems demand<\/p>\n      <\/div>\n    <\/a>\n    <a href=\"\/en\/expertise\/data-security\/\" class=\"expertise-item\">\n      <img decoding=\"async\" src=\"\/app\/uploads\/2025\/11\/Resologi-Data-security.webp\" alt=\"S\u00e9curit\u00e9 des donn\u00e9es\">\n      <div class=\"expertise-item-content\">\n        <h3>Data security<\/h3>\n        <p>Cybersecurity at the core of every connection<\/p>\n      <\/div>\n    <\/a>\n    <a href=\"\/en\/expertise\/communication-protocols\/\" class=\"expertise-item\">\n      <img decoding=\"async\" src=\"\/app\/uploads\/2025\/11\/Resologi-Communication-protocols.webp\" alt=\"Protocoles de communication\">\n      <div class=\"expertise-item-content\">\n        <h3>Communication protocols<\/h3>\n        <p>Speak every industrial language<\/p>\n      <\/div>\n    <\/a>\n    <a href=\"\/en\/expertise\/control-center\/\" class=\"expertise-item\">\n      <img decoding=\"async\" src=\"\/app\/uploads\/2025\/11\/Resologi-Deployment-of-control-centers.webp\" alt=\"D\u00e9ploiement de centres de contr\u00f4le\">\n      <div class=\"expertise-item-content\">\n        <h3>Deployment of control centers<\/h3>\n        <p>Smarter control centers, powered by DAINSY<\/p>\n      <\/div>\n    <\/a>\n    <a href=\"\/en\/expertise\/custom-integration-and-extension\/\" class=\"expertise-item\">\n      <img decoding=\"async\" src=\"\/app\/uploads\/2025\/11\/Resologi-Customintegration-and-extension.webp\" alt=\"Int\u00e9gration et extensions personnalis\u00e9es\">\n      <div class=\"expertise-item-content\">\n        <h3>Custom integration &#038; extension<\/h3>\n        <p>Extend DAINSY for your unique environment<\/p>\n      <\/div>\n    <\/a>\n    <a href=\"\/en\/expertise\/edge-processing-historization\/\" class=\"expertise-item\">\n      <img decoding=\"async\" src=\"\/app\/uploads\/2025\/11\/Resologi-Edge-processing-and-historization.webp\" alt=\"Traitement en p\u00e9riph\u00e9rie et historisation\">\n      <div class=\"expertise-item-content\">\n        <h3>Edge processing &#038; historization<\/h3>\n        <p>From the edge to the control room<\/p>\n      <\/div>\n    <\/a>\n  <\/div>\n<\/section>\n\n\n\n<div style=\"height:100px\" aria-hidden=\"true\" class=\"wp-block-spacer\"><\/div>\n\n\n\n<style>\n\/* Style de la section conteneur *\/\n.multi-sector-section {\n    max-width: 1200px;\n    margin: auto;\n    display: flex;\n    align-items: center;\n    gap: 40px;\n    flex-wrap: wrap;\n    background-color: #fff;\n}\n\n\/* Colonne de gauche (texte) *\/\n.multi-sector-content {\n    flex: 1; \/* Permet \u00e0 cette colonne de prendre l'espace disponible *\/\n    min-width: 300px; \/* Largeur minimale pour \u00e9viter le r\u00e9tr\u00e9cissement excessif *\/\n}\n\n\/* Colonne de droite (image) *\/\n.multi-sector-image {\n    flex: 1;\n    min-width: 300px; \/* Largeur minimale pour l'image *\/\n    max-width: 50%; \/* Limite la largeur de l'image *\/\n}\n\n\/* Styles sp\u00e9cifiques au texte *\/\n.multi-sector-content h2 {\n    color: #00b274;\n}\n\n.multi-sector-content p {\n    color: #000;\n}\n\n\/* Style de l'image *\/\n.multi-sector-image img {\n    width: 100%;\n    height: auto;\n    display: block;\n}\n\n@media (max-width: 768px) {\n    .multi-sector-section {\n        flex-direction: column;\n        gap: 30px;\n    }\n\n    .multi-sector-image {\n        max-width: 100%;\n    }\n}\n<\/style>\n\n<section class=\"multi-sector-section\">\n    <div class=\"multi-sector-content\">\n        <h2>Multi-sector track record<\/h2>\n        <p>Over the years, we\u2019ve built an exceptional record of delivering successful, high-reliability projects across critical industries.<\/p>\n        <p>From metro networks to smart grids, our expertise has shaped infrastructure that performs \u2014 securely, efficiently, and reliably.<\/p>\n    <\/div>\n    <div class=\"multi-sector-image\">\n        <img decoding=\"async\" src=\"\/app\/uploads\/2025\/11\/Resologi-Multi-sector-track-record.webp\" alt=\"Train moderne sur rail \u00e0 c\u00f4t\u00e9 d'une route\" loading=\"lazy\">\n    <\/div>\n<\/section>\n\n\n\n<div style=\"height:100px\" aria-hidden=\"true\" class=\"wp-block-spacer\"><\/div>\n\n\n\n<style>\n\/* Section Conteneur *\/\n.secteurs-application-section {\n    background-color: #fff; \/* Le fond de cette section semble \u00eatre blanc *\/\n    color: #000;\n    padding: 80px 20px;\n}\n\n\/* Titre de la section *\/\n.secteurs-application-section .wrapper h2 {\n    color: #000; \/* Noir ou couleur sombre pour le titre *\/\n    max-width: 1200px;\n    margin: 0 auto 40px auto;\n    text-align: center; \/* Centrer le titre si d\u00e9sir\u00e9, ou left si c'est un wrapper *\/\n}\n\n\/* Conteneur pour centrer et g\u00e9rer la largeur des cartes *\/\n.secteurs-application-section .wrapper {\n    max-width: 1200px;\n    margin: 0 auto;\n}\n\n\/* Grille des cartes (Style similaire aux \u00e9tudes de cas) *\/\n.secteurs-grid-etudes {\n    display: grid;\n    grid-template-columns: repeat(auto-fit, minmax(300px, 1fr));\n    gap: 40px; \/* Espace entre les cartes *\/\n    padding: 0 10px;\n}\n\n\/* Style de chaque carte\/secteur (tag <a> pour la cliquabilit\u00e9) *\/\n.listing-block {\n    display: flex;\n    flex-direction: column;\n    text-decoration: none;\n    background-color: #000;\n    border: 2px solid #00b274;\n    color: #fff;\n    overflow: hidden;\n    position: relative;\n    opacity: 1 !important;\n}\n\n\/* Effet de survol *\/\n.listing-block:hover {\n    transform: translateY(-5px);\n}\n\n\/* Bloc Image *\/\n.listing-block .image-block {\n    overflow: hidden;\n    \/* Ratio pour l'image (Exemple: 4:3) *\/\n    padding-top: 100%; \/* (3 \/ 4) * 100% = 75% *\/\n    position: relative;\n}\n\n.listing-block .image-block img {\n    position: absolute;\n    top: 0;\n    left: 0;\n    width: 100%;\n    height: 100%;\n    object-fit: cover;\n    transition: transform 0.5s;\n}\n\n\/* Zoom l\u00e9ger au survol de l'image *\/\n.listing-block:hover .image-block img {\n    transform: scale(1.05);\n}\n\n\/* Bloc Contenu (en bas) *\/\n.listing-block .content {\n    padding: 25px;\n}\n\n\/* Styles des metadata (Client et Cat\u00e9gorie\/Secteur) *\/\n.listing-block .content .client,\n.listing-block .content .cat {\n    display: block;\n    font-size: 0.9em;\n    padding-bottom: 5px;\n    margin-bottom: 5px;\n    position: relative;\n}\n\n.listing-block .content .client {\n    color: #fff; \/* Blanc pour le nom du client\/marque *\/\n}\n\n.listing-block .content .cat {\n    color: #00b274; \/* Vert pour la cat\u00e9gorie\/secteur *\/\n    border-bottom: 1px solid #00b274; \/* Ligne verte s\u00e9paratrice *\/\n}\n\n.listing-block,\n.listing-block * {\n    transition: none !important;\n    transform: none !important;\n}\n\n\/* Titre principal de la carte *\/\n.listing-block .content h3 {\n    color: #00b274; \/* Vert pour le titre *\/\n    line-height: 1.2;\n    margin: 15px 0 0 0;\n}\n\n\/* Bouton\/Lien \"D\u00e9couvrez\" *\/\n.listing-block .content .button {\n    color: #fff; \/* Blanc pour le lien *\/\n    text-decoration: none;\n    font-weight: bold;\n    display: inline-block;\n    position: relative;\n    margin-top: 0px;\n}\n\n\n.listing-block .content .button:hover {\n    color: #fff; \n}\n<\/style>\n\n<section class=\"expertise-section full-width\">\n    <div class=\"wrapper\">\n        <h2>Our sectors of application<\/h2>\n        <div class=\"secteurs-grid-etudes\">\n\n            <a href=\"\/en\/expertise\/energy\/\" class=\"listing-block\">\n                <div class=\"image-block\">\n                    <img decoding=\"async\" src=\"\/app\/uploads\/2025\/11\/Resologi-Sector-Energy-1.webp\" alt=\"\u00c9oliennes sur un paysage vallonn\u00e9\" loading=\"lazy\">\n                <\/div>\n                <div class=\"content\">\n                    <h3>Energy<\/h3>\n                    <button href=\"\/en\/expertise\/energie\/\" class=\"button tertiary dark arrow\">Discover <\/button>\n                <\/div>\n            <\/a>\n\n            <a href=\"\/en\/expertise\/transport\/\" class=\"listing-block\">\n                <div class=\"image-block\">\n                    <img decoding=\"async\" src=\"\/app\/uploads\/2025\/11\/Resologi-Sector-Transport-1.webp\" alt=\"Train moderne \u00e0 grande vitesse\" loading=\"lazy\">\n                <\/div>\n                <div class=\"content\">\n                    <h3>Transport<\/h3>\n                    <button href=\"\/en\/expertise\/transport\/\" class=\"button tertiary dark arrow\">Discover <\/button>\n                <\/div>\n            <\/a>\n\n            <a href=\"\/en\/expertise\/smart-cities\/\" class=\"listing-block\">\n                <div class=\"image-block\">\n                    <img decoding=\"async\" src=\"\/app\/uploads\/2025\/11\/Resologi-Sector-Smart-cities-1.webp\" alt=\"Train moderne \u00e0 grande vitesse\" loading=\"lazy\">\n                <\/div>\n                <div class=\"content\">\n                    <h3>Smart cities<\/h3>\n                    <button href=\"\/en\/expertise\/smart-cities\/\" class=\"button tertiary dark arrow\">Discover <\/button>\n                <\/div>\n            <\/a>\n        <\/div>\n    <\/div>\n<\/section>\n\n\n\n<style>\n.the-power-section {\n    width: 100vw;\n    margin-left: calc(-50vw + 50%);\n    background-color: #000;\n    display: flex;\n    align-items: center;\n    gap: 40px;\n    flex-wrap: wrap;\n}\n\n@media (max-width: 768px) {\n  .the-power-section {\n    display: block;\n  }\n}\n<\/style>\n\n<section class=\"the-power-section\">\n  <div style=\"flex: 1;\">\n    <img decoding=\"async\" src=\"\/app\/uploads\/2025\/11\/Resologi-high-speed-train-1.webp\" alt=\"High-speed train\" style=\"max-width: 100%; height: auto; display: block;\">\n  <\/div>\n  <div style=\"flex: 1; padding: 50px;\">\n    <div style=\"max-width: 450px;\">\n      <h2>The power of simplification<\/h2>\n      <p style=\"color: #fff; line-height: 1.6;\">\n      Today, our experience drives us to extend the capabilities of DAINSY into new markets and partnerships.<br><br>\n     Whether your project is complex or simply too important to fail, we\u2019re here to help.<br><br>\n      Our talent for simplifying everything will surprise you.\n      <\/p>\n    <\/div>\n  <\/div>\n<\/section>\n\n\n\n<style>\n.wp-block-button .wp-block-button__link:hover {\n    background: #ffffff !important;\n}\n<\/style>\n\n\n\n<p><\/p>\n","protected":false},"excerpt":{"rendered":"<p>At the crossroads of technology and integration Like our DAINSY platform, Resologi is truly unique. We combine specialized engineering expertise with a strong team culture, built on innovation, reliability and a drive to simplify complexity. From complexity to clarity At our level, multidisciplinary expertise is key. It&#8217;s what enables us to simplify the unthinkable \u2014 &hellip; <a href=\"https:\/\/resologi.com\/en\/expertise\/\">Continued<\/a><\/p>\n","protected":false},"author":1,"featured_media":905,"parent":0,"menu_order":0,"comment_status":"closed","ping_status":"closed","template":"","meta":{"_acf_changed":false,"inline_featured_image":false,"footnotes":""},"class_list":["post-418","page","type-page","status-publish","has-post-thumbnail","hentry"],"acf":[],"rttpg_featured_image_url":{"full":["https:\/\/resologi.com\/app\/uploads\/2025\/11\/Resologi-high-speed-train-hero.webp",1121,1166,false],"landscape":["https:\/\/resologi.com\/app\/uploads\/2025\/11\/Resologi-high-speed-train-hero.webp",1121,1166,false],"portraits":["https:\/\/resologi.com\/app\/uploads\/2025\/11\/Resologi-high-speed-train-hero.webp",1121,1166,false],"thumbnail":["https:\/\/resologi.com\/app\/uploads\/2025\/11\/Resologi-high-speed-train-hero-150x150.webp",150,150,true],"medium":["https:\/\/resologi.com\/app\/uploads\/2025\/11\/Resologi-high-speed-train-hero-288x300.webp",288,300,true],"large":["https:\/\/resologi.com\/app\/uploads\/2025\/11\/Resologi-high-speed-train-hero-984x1024.webp",984,1024,true],"1536x1536":["https:\/\/resologi.com\/app\/uploads\/2025\/11\/Resologi-high-speed-train-hero.webp",1121,1166,false],"2048x2048":["https:\/\/resologi.com\/app\/uploads\/2025\/11\/Resologi-high-speed-train-hero.webp",1121,1166,false],"gform-image-choice-sm":["https:\/\/resologi.com\/app\/uploads\/2025\/11\/Resologi-high-speed-train-hero.webp",288,300,false],"gform-image-choice-md":["https:\/\/resologi.com\/app\/uploads\/2025\/11\/Resologi-high-speed-train-hero.webp",385,400,false],"gform-image-choice-lg":["https:\/\/resologi.com\/app\/uploads\/2025\/11\/Resologi-high-speed-train-hero.webp",577,600,false]},"rttpg_author":{"display_name":"olabso","author_link":"https:\/\/resologi.com\/en\/author\/olabso\/"},"rttpg_comment":0,"rttpg_category":" <a href=\"https:\/\/resologi.com\/en\/?taxonomy=translation_priority&#038;term=facultatif-en\" rel=\"tag\">Facultatif<\/a>","rttpg_excerpt":"At the crossroads of technology and integration Like our DAINSY platform, Resologi is truly unique. We combine specialized engineering expertise with a strong team culture, built on innovation, reliability and a drive to simplify complexity. From complexity to clarity At our level, multidisciplinary expertise is key. It&#8217;s what enables us to simplify the unthinkable \u2014&hellip;","_links":{"self":[{"href":"https:\/\/resologi.com\/en\/wp-json\/wp\/v2\/pages\/418","targetHints":{"allow":["GET"]}}],"collection":[{"href":"https:\/\/resologi.com\/en\/wp-json\/wp\/v2\/pages"}],"about":[{"href":"https:\/\/resologi.com\/en\/wp-json\/wp\/v2\/types\/page"}],"author":[{"embeddable":true,"href":"https:\/\/resologi.com\/en\/wp-json\/wp\/v2\/users\/1"}],"replies":[{"embeddable":true,"href":"https:\/\/resologi.com\/en\/wp-json\/wp\/v2\/comments?post=418"}],"version-history":[{"count":20,"href":"https:\/\/resologi.com\/en\/wp-json\/wp\/v2\/pages\/418\/revisions"}],"predecessor-version":[{"id":1279,"href":"https:\/\/resologi.com\/en\/wp-json\/wp\/v2\/pages\/418\/revisions\/1279"}],"wp:featuredmedia":[{"embeddable":true,"href":"https:\/\/resologi.com\/en\/wp-json\/wp\/v2\/media\/905"}],"wp:attachment":[{"href":"https:\/\/resologi.com\/en\/wp-json\/wp\/v2\/media?parent=418"}],"curies":[{"name":"wp","href":"https:\/\/api.w.org\/{rel}","templated":true}]}}